{"id":26034,"date":"2021-03-25T13:20:14","date_gmt":"2021-03-25T12:20:14","guid":{"rendered":"https:\/\/thaderpharma.com\/blog\/?page_id=26034"},"modified":"2025-07-02T11:31:58","modified_gmt":"2025-07-02T09:31:58","slug":"politica-de-privacidad-y-proteccion-de-datos","status":"publish","type":"page","link":"https:\/\/thaderpharma.com\/blog\/politica-de-privacidad-y-proteccion-de-datos\/","title":{"rendered":"Pol\u00edtica de Privacidad y Protecci\u00f3n de Datos"},"content":{"rendered":"<p>En cumplimiento del Reglamento (UE) 2016\/679 del Parlamento Europeo y del Consejo, de 27 de abril de 2016, relativo a la protecci\u00f3n de las personas f\u00edsicas en lo que respecta al tratamiento de datos personales, por el que se deroga la directiva 95\/46\/CE (en adelante, RGPD), de la Ley 34\/2002, de 11 de julio, de servicios de la sociedad de la informaci\u00f3n y de comercio electr\u00f3nico (en adelante, LSSI-CE), y de la Ley Org\u00e1nica 3\/2018, de Protecci\u00f3n de Datos Personales y garant\u00eda de los derechos digitales, \u00a0THADER PHARMA garantiza la protecci\u00f3n y confidencialidad de los datos personales, de cualquier tipo que nos proporcionen, de acuerdo con lo dispuesto en el Reglamento General de Protecci\u00f3n de Datos de Car\u00e1cter Personal.<\/p>\n<p>La Pol\u00edtica de Protecci\u00f3n de Datos de THADER PHARMA descansa en el principio de responsabilidad proactiva, seg\u00fan el cual la persona responsable del tratamiento es responsable del cumplimiento del marco normativo y jurisprudencial, siendo capaz de demostrarlo ante las autoridades de control correspondientes.<\/p>\n<p>Los datos facilitados ser\u00e1n tratados en los t\u00e9rminos establecidos en el RGPD; en este sentido, THADER PHARMA ha adoptado los niveles de protecci\u00f3n que legalmente se exigen, y ha instalado todas las medidas t\u00e9cnicas a su alcance para evitar la p\u00e9rdida, mal uso, alteraci\u00f3n o acceso no autorizado por terceros expuestos a continuaci\u00f3n. No obstante, la persona usuaria debe ser consciente de que las medidas de seguridad en Internet no son inexpugnables.<\/p>\n<h3><strong>Responsable del tratamiento: \u00bfQui\u00e9nes somos?<\/strong><\/h3>\n<ul>\n<li>Denominaci\u00f3n: \u201cINNOVACIONES COSM\u00c9TICO-FARMAC\u00c9UTICAS, S.L.\u201d (en adelante, THADER PHARMA)<\/li>\n<li>CIF: B73787186<\/li>\n<li>Direcci\u00f3n: Pol\u00edgono Industrial Las Salinas 30840 Alhama de Murcia \u2013 Murcia.<\/li>\n<li>Tel\u00e9fono: 968356767<\/li>\n<li>Correo electr\u00f3nico: thaderpharma@thaderpharma.com<\/li>\n<\/ul>\n<h3><strong>Finalidad del tratamiento: \u00bfPara qu\u00e9 usaremos sus datos?<\/strong><\/h3>\n<p>Todos los datos facilitados por nuestros\/as clientes y\/o visitantes en la web de THADER PHARMA, S.L. o a su personal, ser\u00e1n incluidos en ficheros, automatizados o no, creados y mantenidos bajo la responsabilidad del mismo, imprescindibles para prestar los servicios solicitados por las personas usuarias, o para resolver las dudas o cuestiones planteadas por quienes nos visitan.<\/p>\n<h3><strong>Legitimidad del tratamiento: \u00bfPor qu\u00e9 necesitamos sus datos?<\/strong><\/h3>\n<ul>\n<li>Proporcionarle los productos y servicios que haya solicitado, administrar nuestra relaci\u00f3n y llevar a cabo las obligaciones que surjan de dicha relaci\u00f3n (art. 6.1 b) RGPD).<\/li>\n<li>Proporcionar un servicio personalizado. Utilizamos su informaci\u00f3n para proporcionarle recomendaciones personalizadas de nuestros productos que creemos que encajan mejor con sus intereses (art 6.1 b) RGPD).<\/li>\n<li>Para prop\u00f3sitos de prevenci\u00f3n y detecci\u00f3n de fraude y para proteger y defender los derechos y la propiedad de la organizaci\u00f3n, a nuestra plantilla y a nuestros socios y socias comerciales (art. 6.1 f) RGPD).<\/li>\n<li>Para optimizar y administrar el Sitio Web, el Contenido, garantizar la seguridad de nuestras redes y su informaci\u00f3n, personalizar sus pr\u00f3ximas visitas y mejorar el Sitio y otras ofertas digitales (incluido el arreglo de problemas funcionales como la ca\u00edda de la p\u00e1gina), proporcionar servicios a nuestros socios y socias, como herramientas, an\u00e1lisis, datos e informaci\u00f3n para ver c\u00f3mo se utiliza nuestra p\u00e1gina web o aplicaciones m\u00f3viles. (Art 6.1 f) RGPD).<\/li>\n<\/ul>\n<h3><strong>Destinatarios: \u00bfCon qui\u00e9n compartimos sus datos?<\/strong><\/h3>\n<p>Para la participaci\u00f3n en nuestras promociones, sus datos podr\u00e1n ser tratados por proveedores terceros como Mailchimp (cuyo representante es \u201cIntuit France SAS\u201d, con NIF FR66802640292) y Meta (cuyo representante es \u201cMeta Platforms Ireland Limited\u201d, con NIF IE9692928F). Valoraciones: TAHE trabaja con Trustpilot para garantizar la veracidad de las valoraciones de los clientes. Para ello, cederemos tu nombre y email a Trustpilot para que puedas valorar el servicio prestado. Tambi\u00e9n a\u00a0 aquellas entidades p\u00fablicas o privadas a las cuales estemos obligados a facilitar sus datos personales con motivo del cumplimiento de alguna ley. Por ejemplo, la Ley Tributaria obliga a facilitar a la Agencia Tributaria determinada informaci\u00f3n sobre operaciones econ\u00f3micas que superen una determinada cantidad. <span class=\"TextRun SCXW169696747 BCX8\" lang=\"ES-ES\" xml:lang=\"ES-ES\" data-contrast=\"none\"><span class=\"NormalTextRun SCXW169696747 BCX8\">En el caso de que, al margen de los supues<\/span><span class=\"NormalTextRun SCXW169696747 BCX8\">t<\/span><span class=\"NormalTextRun SCXW169696747 BCX8\">os comen<\/span><span class=\"NormalTextRun SCXW169696747 BCX8\">t<\/span><span class=\"NormalTextRun SCXW169696747 BCX8\">ados, necesi<\/span><span class=\"NormalTextRun SCXW169696747 BCX8\">t<\/span><span class=\"NormalTextRun SCXW169696747 BCX8\">emos dar a conocer su informaci\u00f3n personal a o<\/span><span class=\"NormalTextRun SCXW169696747 BCX8\">t<\/span><span class=\"NormalTextRun SCXW169696747 BCX8\">r<\/span><span class=\"NormalTextRun SCXW169696747 BCX8\">as en<\/span><span class=\"NormalTextRun SCXW169696747 BCX8\">t<\/span><span class=\"NormalTextRun SCXW169696747 BCX8\">idades, le solici<\/span><span class=\"NormalTextRun SCXW169696747 BCX8\">t<\/span><span class=\"NormalTextRun SCXW169696747 BCX8\">aremos previamen<\/span><span class=\"NormalTextRun SCXW169696747 BCX8\">t<\/span><span class=\"NormalTextRun SCXW169696747 BCX8\">e su permiso a <\/span><span class=\"NormalTextRun SCXW169696747 BCX8\">t<\/span><span class=\"NormalTextRun SCXW169696747 BCX8\">r<\/span><span class=\"NormalTextRun SCXW169696747 BCX8\">av\u00e9s de opciones claras que le permi<\/span><span class=\"NormalTextRun SCXW169696747 BCX8\">t<\/span><span class=\"NormalTextRun SCXW169696747 BCX8\">ir\u00e1n decidir a es<\/span><span class=\"NormalTextRun SCXW169696747 BCX8\">t<\/span><span class=\"NormalTextRun SCXW169696747 BCX8\">e respec<\/span><span class=\"NormalTextRun SCXW169696747 BCX8\">t<\/span><span class=\"NormalTextRun SCXW169696747 BCX8\">o.<\/span><\/span><\/p>\n<h3><strong>Comunicaci\u00f3n: \u00bfD\u00f3nde podr\u00edamos enviar sus datos?<\/strong><\/h3>\n<p>No realizaremos transferencias internacionales de sus datos personales para ninguna de las finalidades indicadas.<\/p>\n<h3><strong>Conservaci\u00f3n: \u00bfCu\u00e1nto tiempo mantendremos sus datos?<\/strong><\/h3>\n<p>Solo conservaremos sus datos personales relacionados con la sesi\u00f3n y la navegaci\u00f3n por el Sitio Web durante el tiempo que resulte necesario para lograr los fines para los que fueron recabados.<\/p>\n<p>En este sentido, THADER PHARMA conservar\u00e1 los datos personales una vez terminada su relaci\u00f3n con Ud., debidamente bloqueados, durante el plazo de prescripci\u00f3n de las acciones que pudieran derivarse de la relaci\u00f3n mantenida con la persona.<\/p>\n<p>Una vez bloqueados, sus datos resultar\u00e1n inaccesibles para THADER PHARMA, y no ser\u00e1n tratados excepto para su puesta a disposici\u00f3n a las Administraciones p\u00fablicas, Jueces y Tribunales, para la atenci\u00f3n de las posibles responsabilidades nacidas de los tratamientos, as\u00ed como para el ejercicio y defensa de reclamaciones ante la Agencia Espa\u00f1ola de Protecci\u00f3n de Datos.<\/p>\n<h3><strong>Seguridad: \u00bfC\u00f3mo vamos a proteger sus datos?<\/strong><\/h3>\n<p>Empleamos todos los esfuerzos razonables para mantener la confidencialidad de la informaci\u00f3n que se trate en nuestros sistemas. Mantenemos estrictos niveles de seguridad para proteger los datos de car\u00e1cter personal que procesamos frente a p\u00e9rdidas fortuitas y a accesos, tratamientos o revelaciones no autorizadas, habida cuenta del estado de la tecnolog\u00eda, la naturaleza y los riesgos a que est\u00e1n expuestos los datos. No obstante, no podemos responsabilizarnos del uso que Ud. haga de los datos (incluido usuario y contrase\u00f1a) que utilice en nuestra web. Nuestro personal sigue estrictas normas de privacidad, y en el caso de que contratemos a terceros para prestar servicios de soporte, les exigimos que acaten las mismas normas y nos permitan auditarles para verificar su cumplimiento.<\/p>\n<h3><strong>Sus derechos: \u00bfQu\u00e9 derechos puede ejercer como persona interesada?<\/strong><\/h3>\n<p>Le informamos que podr\u00e1 ejercitar los siguientes derechos:<\/p>\n<p>a) Derecho de acceso a sus datos personales, para saber cu\u00e1les est\u00e1n siendo objeto de tratamiento y las operaciones de tratamiento llevadas a cabo con ellos; b) Derecho de rectificaci\u00f3n de cualquier dato personal inexacto; c) Derecho de supresi\u00f3n de sus datos personales, cuando esto sea posible (por ejemplo, por imperativo legal); d) Derecho de limitaci\u00f3n del tratamiento de sus datos personales cuando la exactitud, la legalidad o la necesidad del tratamiento de los datos resulte dudosa, en cuyo caso, podremos conservarlos para el ejercicio o la defensa de reclamaciones; e) Derecho de oposici\u00f3n al tratamiento de sus datos personales, cuando la base legal que nos habilite para su tratamiento de las indicadas sea nuestro inter\u00e9s leg\u00edtimo. THADER PHARMA dejar\u00e1 de tratar sus datos salvo que tenga un inter\u00e9s leg\u00edtimo o sea necesario para la defensa de reclamaciones, cuando proceda este derecho; f) Derecho a la portabilidad de sus datos, cuando la base legal que nos habilite para su tratamiento sea la existencia de una relaci\u00f3n contractual o su consentimiento; g) Derecho a revocar el consentimiento otorgado a THADER PHARMA.<\/p>\n<p>Para ejercitar sus derechos, puede hacerlo de manera gratuita y en cualquier momento, escribiendo un correo a https:\/\/thaderpharma.com\/.<\/p>\n<h3><strong>Tutela de derechos: \u00bfD\u00f3nde puede formular una reclamaci\u00f3n?<\/strong><\/h3>\n<p>En caso de que entienda que sus derechos han sido desatendidos por nuestra entidad, puede formular una reclamaci\u00f3n en la Agencia Espa\u00f1ola de Protecci\u00f3n de Datos, a trav\u00e9s de alguno de los medios siguientes:<\/p>\n<p>Sede electr\u00f3nica: https:\/\/www.aepd.es<\/p>\n<p>Correo postal: Agencia Espa\u00f1ola de Protecci\u00f3n de Datos, C\/ Jorge Juan, 6, 28001, Madrid<\/p>\n<p>Tel\u00e9fono: 901.100.099 y 912.663.517<\/p>\n<p>Formular una reclamaci\u00f3n en la Agencia Espa\u00f1ola de Protecci\u00f3n de Datos no conlleva ning\u00fan coste y no es necesaria la asistencia de abogado ni procurador.<\/p>\n<h3><strong>Actualizaciones: \u00bfQu\u00e9 cambios puede haber en esta Pol\u00edtica de Privacidad?<\/strong><\/h3>\n<p>THADER PHARMA se reserva el derecho a modificar la presente pol\u00edtica para adaptarla a novedades legislativas o jurisprudenciales que puedan afectar el cumplimiento de la misma.<\/p>\n<p>Con objeto de garantizar el cumplimiento de la normativa sobre protecci\u00f3n de datos de car\u00e1cter personal, THADER PHARMA ha recibido los servicios de consultor\u00eda y asesoramiento por parte de ClickDatos.<\/p>\n<div style='text-align:right' class='yasr-auto-insert-visitor'><\/div>","protected":false},"excerpt":{"rendered":"<p>En cumplimiento del Reglamento (UE) 2016\/679 del Parlamento Europeo y del Consejo, de 27 de abril de 2016, relativo a la protecci\u00f3n de las personas f\u00edsicas en lo que respecta al tratamiento de datos personales, por el que se deroga la directiva 95\/46\/CE (en adelante, RGPD), de la Ley 34\/2002, de 11 de julio, de [&hellip;]<\/p>\n","protected":false},"author":16,"featured_media":0,"parent":0,"menu_order":0,"comment_status":"closed","ping_status":"closed","template":"","meta":{"yasr_overall_rating":0,"yasr_post_is_review":"","yasr_auto_insert_disabled":"","yasr_review_type":"","footnotes":""},"class_list":["post-26034","page","type-page","status-publish","hentry"],"yoast_head":"<!-- This site is optimized with the Yoast SEO plugin v27.1.1 - https:\/\/yoast.com\/product\/yoast-seo-wordpress\/ -->\n<title>Pol\u00edtica de Privacidad y Protecci\u00f3n de Datos | Thader Pharma Blog<\/title>\n<meta name=\"robots\" content=\"index, follow, max-snippet:-1, max-image-preview:large, max-video-preview:-1\" \/>\n<link rel=\"canonical\" href=\"https:\/\/thaderpharma.com\/blog\/politica-de-privacidad-y-proteccion-de-datos\/\" \/>\n<meta property=\"og:locale\" content=\"es_ES\" \/>\n<meta property=\"og:type\" content=\"article\" \/>\n<meta property=\"og:title\" content=\"Pol\u00edtica de Privacidad y Protecci\u00f3n de Datos | Thader Pharma Blog\" \/>\n<meta property=\"og:description\" content=\"En cumplimiento del Reglamento (UE) 2016\/679 del Parlamento Europeo y del Consejo, de 27 de abril de 2016, relativo a la protecci\u00f3n de las personas f\u00edsicas en lo que respecta al tratamiento de datos personales, por el que se deroga la directiva 95\/46\/CE (en adelante, RGPD), de la Ley 34\/2002, de 11 de julio, de [&hellip;]\" \/>\n<meta property=\"og:url\" content=\"https:\/\/thaderpharma.com\/blog\/politica-de-privacidad-y-proteccion-de-datos\/\" \/>\n<meta property=\"og:site_name\" content=\"Thader Pharma Blog\" \/>\n<meta property=\"article:publisher\" content=\"https:\/\/www.facebook.com\/thpharma\/\" \/>\n<meta property=\"article:modified_time\" content=\"2025-07-02T09:31:58+00:00\" \/>\n<meta name=\"twitter:card\" content=\"summary_large_image\" \/>\n<meta name=\"twitter:label1\" content=\"Tiempo de lectura\" \/>\n\t<meta name=\"twitter:data1\" content=\"7 minutos\" \/>\n<script type=\"application\/ld+json\" class=\"yoast-schema-graph\">{\"@context\":\"https:\/\/schema.org\",\"@graph\":[{\"@type\":\"WebPage\",\"@id\":\"https:\/\/thaderpharma.com\/blog\/politica-de-privacidad-y-proteccion-de-datos\/\",\"url\":\"https:\/\/thaderpharma.com\/blog\/politica-de-privacidad-y-proteccion-de-datos\/\",\"name\":\"Pol\u00edtica de Privacidad y Protecci\u00f3n de Datos | Thader Pharma Blog\",\"isPartOf\":{\"@id\":\"https:\/\/thaderpharma.com\/blog\/#website\"},\"datePublished\":\"2021-03-25T12:20:14+00:00\",\"dateModified\":\"2025-07-02T09:31:58+00:00\",\"breadcrumb\":{\"@id\":\"https:\/\/thaderpharma.com\/blog\/politica-de-privacidad-y-proteccion-de-datos\/#breadcrumb\"},\"inLanguage\":\"es\",\"potentialAction\":[{\"@type\":\"ReadAction\",\"target\":[\"https:\/\/thaderpharma.com\/blog\/politica-de-privacidad-y-proteccion-de-datos\/\"]}]},{\"@type\":\"BreadcrumbList\",\"@id\":\"https:\/\/thaderpharma.com\/blog\/politica-de-privacidad-y-proteccion-de-datos\/#breadcrumb\",\"itemListElement\":[{\"@type\":\"ListItem\",\"position\":1,\"name\":\"Home\",\"item\":\"https:\/\/thaderpharma.com\/blog\/\"},{\"@type\":\"ListItem\",\"position\":2,\"name\":\"Pol\u00edtica de Privacidad y Protecci\u00f3n de Datos\"}]},{\"@type\":\"WebSite\",\"@id\":\"https:\/\/thaderpharma.com\/blog\/#website\",\"url\":\"https:\/\/thaderpharma.com\/blog\/\",\"name\":\"Thader Pharma Blog\",\"description\":\"Blog sobre cosm\u00e9tica farmac\u00e9utica\",\"publisher\":{\"@id\":\"https:\/\/thaderpharma.com\/blog\/#organization\"},\"potentialAction\":[{\"@type\":\"SearchAction\",\"target\":{\"@type\":\"EntryPoint\",\"urlTemplate\":\"https:\/\/thaderpharma.com\/blog\/?s={search_term_string}\"},\"query-input\":{\"@type\":\"PropertyValueSpecification\",\"valueRequired\":true,\"valueName\":\"search_term_string\"}}],\"inLanguage\":\"es\"},{\"@type\":\"Organization\",\"@id\":\"https:\/\/thaderpharma.com\/blog\/#organization\",\"name\":\"Thader Pharma\",\"url\":\"https:\/\/thaderpharma.com\/blog\/\",\"logo\":{\"@type\":\"ImageObject\",\"inLanguage\":\"es\",\"@id\":\"https:\/\/thaderpharma.com\/blog\/#\/schema\/logo\/image\/\",\"url\":\"https:\/\/thaderpharma.com\/blog\/wp-content\/uploads\/logo.png\",\"contentUrl\":\"https:\/\/thaderpharma.com\/blog\/wp-content\/uploads\/logo.png\",\"width\":1000,\"height\":398,\"caption\":\"Thader Pharma\"},\"image\":{\"@id\":\"https:\/\/thaderpharma.com\/blog\/#\/schema\/logo\/image\/\"},\"sameAs\":[\"https:\/\/www.facebook.com\/thpharma\/\"]},false]}<\/script>\n<!-- \/ Yoast SEO plugin. -->","yoast_head_json":{"title":"Pol\u00edtica de Privacidad y Protecci\u00f3n de Datos | Thader Pharma Blog","robots":{"index":"index","follow":"follow","max-snippet":"max-snippet:-1","max-image-preview":"max-image-preview:large","max-video-preview":"max-video-preview:-1"},"canonical":"https:\/\/thaderpharma.com\/blog\/politica-de-privacidad-y-proteccion-de-datos\/","og_locale":"es_ES","og_type":"article","og_title":"Pol\u00edtica de Privacidad y Protecci\u00f3n de Datos | Thader Pharma Blog","og_description":"En cumplimiento del Reglamento (UE) 2016\/679 del Parlamento Europeo y del Consejo, de 27 de abril de 2016, relativo a la protecci\u00f3n de las personas f\u00edsicas en lo que respecta al tratamiento de datos personales, por el que se deroga la directiva 95\/46\/CE (en adelante, RGPD), de la Ley 34\/2002, de 11 de julio, de [&hellip;]","og_url":"https:\/\/thaderpharma.com\/blog\/politica-de-privacidad-y-proteccion-de-datos\/","og_site_name":"Thader Pharma Blog","article_publisher":"https:\/\/www.facebook.com\/thpharma\/","article_modified_time":"2025-07-02T09:31:58+00:00","twitter_card":"summary_large_image","twitter_misc":{"Tiempo de lectura":"7 minutos"},"schema":{"@context":"https:\/\/schema.org","@graph":[{"@type":"WebPage","@id":"https:\/\/thaderpharma.com\/blog\/politica-de-privacidad-y-proteccion-de-datos\/","url":"https:\/\/thaderpharma.com\/blog\/politica-de-privacidad-y-proteccion-de-datos\/","name":"Pol\u00edtica de Privacidad y Protecci\u00f3n de Datos | Thader Pharma Blog","isPartOf":{"@id":"https:\/\/thaderpharma.com\/blog\/#website"},"datePublished":"2021-03-25T12:20:14+00:00","dateModified":"2025-07-02T09:31:58+00:00","breadcrumb":{"@id":"https:\/\/thaderpharma.com\/blog\/politica-de-privacidad-y-proteccion-de-datos\/#breadcrumb"},"inLanguage":"es","potentialAction":[{"@type":"ReadAction","target":["https:\/\/thaderpharma.com\/blog\/politica-de-privacidad-y-proteccion-de-datos\/"]}]},{"@type":"BreadcrumbList","@id":"https:\/\/thaderpharma.com\/blog\/politica-de-privacidad-y-proteccion-de-datos\/#breadcrumb","itemListElement":[{"@type":"ListItem","position":1,"name":"Home","item":"https:\/\/thaderpharma.com\/blog\/"},{"@type":"ListItem","position":2,"name":"Pol\u00edtica de Privacidad y Protecci\u00f3n de Datos"}]},{"@type":"WebSite","@id":"https:\/\/thaderpharma.com\/blog\/#website","url":"https:\/\/thaderpharma.com\/blog\/","name":"Thader Pharma Blog","description":"Blog sobre cosm\u00e9tica farmac\u00e9utica","publisher":{"@id":"https:\/\/thaderpharma.com\/blog\/#organization"},"potentialAction":[{"@type":"SearchAction","target":{"@type":"EntryPoint","urlTemplate":"https:\/\/thaderpharma.com\/blog\/?s={search_term_string}"},"query-input":{"@type":"PropertyValueSpecification","valueRequired":true,"valueName":"search_term_string"}}],"inLanguage":"es"},{"@type":"Organization","@id":"https:\/\/thaderpharma.com\/blog\/#organization","name":"Thader Pharma","url":"https:\/\/thaderpharma.com\/blog\/","logo":{"@type":"ImageObject","inLanguage":"es","@id":"https:\/\/thaderpharma.com\/blog\/#\/schema\/logo\/image\/","url":"https:\/\/thaderpharma.com\/blog\/wp-content\/uploads\/logo.png","contentUrl":"https:\/\/thaderpharma.com\/blog\/wp-content\/uploads\/logo.png","width":1000,"height":398,"caption":"Thader Pharma"},"image":{"@id":"https:\/\/thaderpharma.com\/blog\/#\/schema\/logo\/image\/"},"sameAs":["https:\/\/www.facebook.com\/thpharma\/"]},false]}},"yasr_visitor_votes":{"stars_attributes":{"read_only":false,"span_bottom":false},"number_of_votes":0,"sum_votes":0},"acf":[],"_links":{"self":[{"href":"https:\/\/thaderpharma.com\/blog\/wp-json\/wp\/v2\/pages\/26034","targetHints":{"allow":["GET"]}}],"collection":[{"href":"https:\/\/thaderpharma.com\/blog\/wp-json\/wp\/v2\/pages"}],"about":[{"href":"https:\/\/thaderpharma.com\/blog\/wp-json\/wp\/v2\/types\/page"}],"author":[{"embeddable":true,"href":"https:\/\/thaderpharma.com\/blog\/wp-json\/wp\/v2\/users\/16"}],"replies":[{"embeddable":true,"href":"https:\/\/thaderpharma.com\/blog\/wp-json\/wp\/v2\/comments?post=26034"}],"version-history":[{"count":2,"href":"https:\/\/thaderpharma.com\/blog\/wp-json\/wp\/v2\/pages\/26034\/revisions"}],"predecessor-version":[{"id":28998,"href":"https:\/\/thaderpharma.com\/blog\/wp-json\/wp\/v2\/pages\/26034\/revisions\/28998"}],"wp:attachment":[{"href":"https:\/\/thaderpharma.com\/blog\/wp-json\/wp\/v2\/media?parent=26034"}],"curies":[{"name":"wp","href":"https:\/\/api.w.org\/{rel}","templated":true}]}}