{"id":1997,"date":"2021-03-25T12:04:09","date_gmt":"2021-03-25T12:04:09","guid":{"rendered":"https:\/\/thaderpharma.com\/about\/?page_id=1997"},"modified":"2025-07-02T11:43:30","modified_gmt":"2025-07-02T09:43:30","slug":"aviso-legal","status":"publish","type":"page","link":"https:\/\/thaderpharma.com\/about\/aviso-legal\/","title":{"rendered":"Aviso Legal"},"content":{"rendered":"<p>En el presente Aviso Legal, la persona usuaria podr\u00e1 encontrar toda la informaci\u00f3n relativa a las condiciones legales que definen las relaciones entre las personas usuarias y el responsable de la p\u00e1gina web accesible en la direcci\u00f3n URL https:\/\/thaderpharma.com\/ (en adelante, el Sitio Web), que THADER PHARMA (en adelante, el Titular) pone a disposici\u00f3n de las personas usuarias de Internet.<\/p>\n<p>La utilizaci\u00f3n del Sitio Web implica la aceptaci\u00f3n plena y sin reservas de todas y cada una de las disposiciones incluidas en este Aviso Legal. En consecuencia, la persona usuaria del Sitio Web debe leer atentamente el presente Aviso Legal en cada una de las ocasiones en que se proponga utilizar la web, ya que el texto podr\u00eda sufrir modificaciones a criterio del titular de la web, o a causa de un cambio legislativo, jurisprudencial o en la pr\u00e1ctica empresarial.<\/p>\n<h2><strong>1.- DATOS DEL RESPONSABLE TITULAR DEL SITIO WEB<\/strong><\/h2>\n<ul>\n<li>Denominaci\u00f3n: \u201cINNOVACIONES COSM\u00c9TICO-FARMAC\u00c9UTICAS, S.L.\u201d (en adelante, THADER PHARMA)<\/li>\n<li>CIF: B73787186<\/li>\n<li>Direcci\u00f3n: Pol\u00edgono Industrial Las Salinas 30840 Alhama de Murcia \u2013 Murcia.<\/li>\n<li>Tel\u00e9fono: 968356767<\/li>\n<li>Correo electr\u00f3nico: thaderpharma@thaderpharma.com<\/li>\n<\/ul>\n<p>THADER PHARMA es el responsable del Sitio Web y se compromete a cumplir con todos los requisitos nacionales y europeos que regulan el uso de los datos personales de las personas usuarias.<\/p>\n<p>Este Sitio Web garantiza la protecci\u00f3n y confidencialidad de los datos personales que nos proporcionen de acuerdo con lo dispuesto en el Reglamento General de Protecci\u00f3n de Datos de Car\u00e1cter Personal (UE) 2016\/679 del Parlamento Europeo y del Consejo, de 27 de abril de 2016, en la Ley Org\u00e1nica 3\/2018, de Protecci\u00f3n de Datos Personales y garant\u00eda de los derechos digitales, as\u00ed como en la Ley de Servicios de la Sociedad de la Informaci\u00f3n y Comercio Electr\u00f3nico 34\/2002 de 11 de Julio (LSSI-CE).<\/p>\n<h2><strong>2.- OBJETO<\/strong><\/h2>\n<p>El Sitio Web facilita a las personas usuarias del mismo el acceso a herramientas de marketing para la promoci\u00f3n de productos dirigidos a aquellas personas u organizaciones interesadas en los mismos.<\/p>\n<p>El acceso y la utilizaci\u00f3n del Sitio Web atribuye la condici\u00f3n de persona usuaria del Sitio Web (en adelante, la \u201cpersona usuaria\u201d) e implica la aceptaci\u00f3n de todas las condiciones incluidas en este Aviso Legal, as\u00ed como de sus modificaciones. La prestaci\u00f3n del servicio del Sitio Web tiene una duraci\u00f3n limitada al momento en el que la persona usuaria se encuentre conectada al Sitio Web o a alguno de los servicios que a trav\u00e9s del mismo se facilitan. Por tanto, la persona debe leer atentamente el presente Aviso Legal en cada una de las ocasiones en que se proponga utilizar el Sitio Web, ya que \u00e9ste y sus condiciones de uso recogidas en el presente Aviso Legal pueden sufrir modificaciones.<\/p>\n<h2><strong>3.- ACCESO Y UTILIZACI\u00d3N DE LA WEB<\/strong><\/h2>\n<p>El acceso a la web tiene car\u00e1cter gratuito para las personas usuarias de la misma, salvo en lo relativo al coste de la conexi\u00f3n a trav\u00e9s de la red de telecomunicaciones suministrada por el proveedor de acceso contratado por las personas usuarias.<\/p>\n<p>Todo el contenido incluido en el Sitio Web (incluidos, entre otros, texto, dise\u00f1o, gr\u00e1ficos, logotipos, iconos de botones, im\u00e1genes, sonidos, clips de audio, descargas digitales, compilaciones de datos y software, as\u00ed como la selecci\u00f3n y disposici\u00f3n de los mismos) es propiedad exclusiva de THADER PHARMA, sus licenciantes o sus proveedores de contenido, y est\u00e1 protegido por las leyes y tratados sobre derechos de autor en todo el mundo.<\/p>\n<p>THADER PHARMA le concede una licencia limitada, revocable y no exclusiva para acceder al Sitio Web y hacer un uso con sujeci\u00f3n a las presentes Condiciones y \u00fanicamente con fines l\u00edcitos. \u00a0THADER PHARMA proh\u00edbe estrictamente cualquier otro uso del Contenido incluyendo, pero sin limitarse a:<\/p>\n<ul>\n<li>Cualquier descarga, copia, modificaci\u00f3n u otro uso del Sitio Web o del Contenido con fines competitivos contra THADER PHARMA, o en beneficio de otro vendedor o de cualquier tercero.<\/li>\n<li>Enmarcar o utilizar t\u00e9cnicas de enmarcado para encerrar cualquier marca comercial, logotipo u otra informaci\u00f3n de propiedad (incluyendo im\u00e1genes, texto, dise\u00f1o de p\u00e1gina o forma).<\/li>\n<li>Cualquier recopilaci\u00f3n y uso de cualquier listado de productos, descripciones o precios.<\/li>\n<li>Cualquier uso de \u201ctexto oculto\u201d que utilice el nombre o las marcas comerciales de THADER PHARMA.<\/li>\n<li>Cualquier uso de miner\u00eda de datos, robots o herramientas similares de recopilaci\u00f3n y extracci\u00f3n de datos.<\/li>\n<li>Cualquier almacenamiento en cach\u00e9 o enlace, incluso de manera que represente a THADER PHARMA o a sus productos o servicios de forma falsa, enga\u00f1osa, despectiva, ofensiva o de cualquier otra forma que THADER PHARMA, a su entera discreci\u00f3n, pueda considerar objetable.<\/li>\n<\/ul>\n<p>Utilizar indebidamente el Sitio Web introduciendo a sabiendas virus, troyanos, gusanos, bombas l\u00f3gicas u otro material malicioso, tecnol\u00f3gicamente da\u00f1ino o dise\u00f1ado para interrumpir, destruir o limitar la funcionalidad de cualquier ordenador; intentar obtener acceso no autorizado al servidor en el que est\u00e1 almacenado el Sitio Web o a cualquier servidor, ordenador o base de datos conectada al Sitio Web; o atacar el Sitio Web mediante un ataque de denegaci\u00f3n de servicio o un ataque distribuido de denegaci\u00f3n de servicio.<\/p>\n<h2><strong>4.- CONTENIDOS DE LA WEB Y PROPIEDAD INTELECTUAL E INDUSTRIAL<\/strong><\/h2>\n<p>El idioma utilizado por el titular en la web ser\u00e1 el castellano. El Titular no se responsabiliza de la no comprensi\u00f3n o entendimiento del idioma de la web por la persona usuaria, ni de sus consecuencias.<\/p>\n<p>El Titular podr\u00e1 modificar los contenidos sin previo aviso, as\u00ed como suprimir y cambiar \u00e9stos dentro de la web, como la forma en que se accede a \u00e9stos, sin justificaci\u00f3n alguna y libremente, no responsabiliz\u00e1ndose de las consecuencias que los mismos puedan ocasionar a las personas usuarias.<\/p>\n<p>Se proh\u00edbe el uso de los contenidos de la web para promocionar o divulgar publicidad o informaci\u00f3n propia o de terceras personas sin la autorizaci\u00f3n del Titular.<\/p>\n<p>Los enlaces o hiperenlaces que incorporen terceros en sus p\u00e1ginas web, dirigidos a esta web, ser\u00e1n para la apertura de la p\u00e1gina web completa, no pudiendo manifestar, directa o indirectamente, indicaciones falsas, inexactas o confusas, ni incurrir en acciones desleales o il\u00edcitas en contra de aquel.<\/p>\n<p>La persona usuaria conoce y acepta que todos los contenidos y\/o cualesquiera otros elementos del sitio web son propiedad del Titular, y se compromete a respetar los derechos de propiedad intelectual e industrial titularidad del mismo y\/o de terceros. Cualquier uso de la web o sus contenidos deber\u00e1 tener un car\u00e1cter exclusivamente particular.<\/p>\n<p>Est\u00e1 reservado exclusivamente al Titular cualquier otro uso que suponga la copia, reproducci\u00f3n, distribuci\u00f3n, transformaci\u00f3n, comunicaci\u00f3n p\u00fablica o cualquier otra acci\u00f3n similar, de todo o parte de los contenidos de la web, por lo que ninguna persona usuaria podr\u00e1 llevar a cabo estas acciones sin la autorizaci\u00f3n previa y por escrito de aquel.<\/p>\n<p>El material gr\u00e1fico y publicitario de la marca solo puede ser utilizado con nuestro dise\u00f1o correspondiente. Queda prohibida la alteraci\u00f3n o modificaci\u00f3n del material gr\u00e1fico, publicaciones, im\u00e1genes, etc\u2026 Est\u00e1 estrictamente prohibido insertar nuestro logotipo en im\u00e1genes que no est\u00e9n relacionadas con nuestra marca, tanto por razones legales como corporativas. Tampoco se permite difundir informaci\u00f3n confidencial de la empresa.<\/p>\n<p>No nos hacemos responsables de ning\u00fan mal uso del material o cualquier otra actividad indebida, siendo responsable la persona que realiza la acci\u00f3n.<\/p>\n<h2><strong>5.- LIMITACI\u00d3N DE RESPONSABILIDAD<\/strong><\/h2>\n<p>Tanto el acceso a la web como el uso no consentido que pueda efectuarse de la informaci\u00f3n contenida en la misma es de la exclusiva responsabilidad de quien lo realiza. El Titular no responder\u00e1 de ninguna consecuencia, da\u00f1o o perjuicio que pudieran derivarse de dicho acceso o uso tanto a propios como a terceros. Tampoco se hace responsable de los errores de seguridad que se puedan producir ni de los da\u00f1os que puedan causarse al sistema inform\u00e1tico de la persona usuaria (hardware y software), o a los ficheros o documentos almacenados en el mismo, como consecuencia de:<\/p>\n<p>La presencia de un virus en el ordenador de la persona usuaria que sea utilizado para la conexi\u00f3n a los servicios y contenidos de la web.<\/p>\n<p>Un mal funcionamiento del navegador, y\/o del uso de versiones no actualizadas del mismo.<\/p>\n<p>El Titular no se hace responsable de la fiabilidad y rapidez de los hiperenlaces que se incorporen en la web para la apertura de otras. Tampoco garantiza la utilidad de estos enlaces, ni se responsabiliza de los contenidos o servicios a los que pueda acceder la persona usuaria por medio de estos enlaces, ni del buen funcionamiento de estas webs.<\/p>\n<p>El Titular no ser\u00e1 responsable de los virus o dem\u00e1s programas inform\u00e1ticos que deterioren o puedan deteriorar los sistemas o equipos inform\u00e1ticos de las personas usuarias al acceder a su web u otras webs a las que se haya accedido mediante enlaces de esta web.<\/p>\n<h2><strong>6.- EMPLEO DE LA TECNOLOG\u00cdA \u201cCOOKIE\u201d<\/strong><\/h2>\n<p>El Sitio Web puede emplear cookies o tecnolog\u00edas similares que se regir\u00e1n por lo establecido en la Pol\u00edtica de Cookies, accesible en todo momento y respetando la confidencialidad e intimidad de la persona usuaria, siendo parte integrante del presente Aviso Legal.<\/p>\n<h2><strong>7.- NAVEGACI\u00d3N \u00a0<\/strong><\/h2>\n<p>Los servidores de Internet pueden recoger datos no identificables que puedan incluir direcciones IP y otros datos que no pueden ser utilizados para identificar a la persona. Su direcci\u00f3n IP se almacenar\u00e1 en los logs de acceso de forma autom\u00e1tica y con la \u00fanica finalidad de permitir el tr\u00e1nsito por Internet, siendo necesario que su equipo facilite esta direcci\u00f3n IP cuando navega por Internet para que las comunicaciones puedan realizarse. As\u00ed mismo, la direcci\u00f3n IP podr\u00e1 ser utilizada para realizar estad\u00edsticas, de manera anonimizada, sobre el n\u00famero de visitantes de esta web y su procedencia, de forma totalmente transparente a su navegaci\u00f3n.<\/p>\n<h2><strong>8.- PROPIEDAD INTELECTUAL E INDUSTRIAL<\/strong><\/h2>\n<p>La persona visitante conoce y acepta que todos los contenidos y\/o cualesquiera otros elementos del sitio web son propiedad del Titular, y se compromete a respetar los derechos de propiedad intelectual e industrial titularidad del mismo y\/o de terceros. Cualquier uso de la web o sus contenidos deber\u00e1 tener un car\u00e1cter exclusivamente particular.<\/p>\n<p>Est\u00e1 reservado exclusivamente al Titular cualquier otro uso que suponga la copia, reproducci\u00f3n, distribuci\u00f3n, transformaci\u00f3n, comunicaci\u00f3n p\u00fablica o cualquier otra acci\u00f3n similar, de todo o parte de los contenidos de la web, por lo que ninguna persona usuaria podr\u00e1 llevar a cabo estas acciones sin la autorizaci\u00f3n previa y por escrito de aquel.<\/p>\n<h2><strong>9.- LEGISLACI\u00d3N APLICABLE Y JURISDICCI\u00d3N COMPETENTE\u00a0<\/strong><\/h2>\n<p>El presente Aviso Legal se interpretar\u00e1 y regir\u00e1 de conformidad con la legislaci\u00f3n espa\u00f1ola. \u00a0THADER PHARMA y las personas usuarias, con renuncia expresa a cualquier otro fuero que pudiera corresponderles, se someten al de los juzgados y tribunales del domicilio de la persona usuaria para cualquier controversia que pudiera derivarse del acceso o uso de la web.<\/p>\n<p>En el caso de que la persona visitante tenga su domicilio fuera de Espa\u00f1a, el Titular y la persona visitante se someten, con renuncia expresa a cualquier otro fuero, a los juzgados y tribunales de la ciudad de 30840, Alhama de Murcia, Murcia.<\/p>\n","protected":false},"excerpt":{"rendered":"<p>En el presente Aviso Legal, la persona usuaria podr\u00e1 encontrar toda la informaci\u00f3n relativa a las condiciones legales que definen las relaciones entre las personas usuarias y el responsable de la p\u00e1gina web accesible en la direcci\u00f3n URL https:\/\/thaderpharma.com\/ (en adelante, el Sitio Web), que THADER PHARMA (en adelante, el Titular) pone a disposici\u00f3n de [&hellip;]<\/p>\n","protected":false},"author":3,"featured_media":0,"parent":0,"menu_order":0,"comment_status":"closed","ping_status":"closed","template":"","meta":{"footnotes":""},"class_list":["post-1997","page","type-page","status-publish","hentry"],"yoast_head":"<!-- This site is optimized with the Yoast SEO plugin v27.1.1 - https:\/\/yoast.com\/product\/yoast-seo-wordpress\/ -->\n<title>Aviso Legal - Thader Pharma Corporativa<\/title>\n<meta name=\"robots\" content=\"index, follow, max-snippet:-1, max-image-preview:large, max-video-preview:-1\" \/>\n<link rel=\"canonical\" href=\"https:\/\/thaderpharma.com\/about\/aviso-legal\/\" \/>\n<meta property=\"og:locale\" content=\"es_ES\" \/>\n<meta property=\"og:type\" content=\"article\" \/>\n<meta property=\"og:title\" content=\"Aviso Legal - Thader Pharma Corporativa\" \/>\n<meta property=\"og:description\" content=\"En el presente Aviso Legal, la persona usuaria podr\u00e1 encontrar toda la informaci\u00f3n relativa a las condiciones legales que definen las relaciones entre las personas usuarias y el responsable de la p\u00e1gina web accesible en la direcci\u00f3n URL https:\/\/thaderpharma.com\/ (en adelante, el Sitio Web), que THADER PHARMA (en adelante, el Titular) pone a disposici\u00f3n de [&hellip;]\" \/>\n<meta property=\"og:url\" content=\"https:\/\/thaderpharma.com\/about\/aviso-legal\/\" \/>\n<meta property=\"og:site_name\" content=\"Thader Pharma Corporativa\" \/>\n<meta property=\"article:modified_time\" content=\"2025-07-02T09:43:30+00:00\" \/>\n<meta name=\"twitter:card\" content=\"summary_large_image\" \/>\n<meta name=\"twitter:label1\" content=\"Tiempo de lectura\" \/>\n\t<meta name=\"twitter:data1\" content=\"9 minutos\" \/>\n<script type=\"application\/ld+json\" class=\"yoast-schema-graph\">{\"@context\":\"https:\/\/schema.org\",\"@graph\":[{\"@type\":\"WebPage\",\"@id\":\"https:\/\/thaderpharma.com\/about\/aviso-legal\/\",\"url\":\"https:\/\/thaderpharma.com\/about\/aviso-legal\/\",\"name\":\"Aviso Legal - Thader Pharma Corporativa\",\"isPartOf\":{\"@id\":\"https:\/\/thaderpharma.com\/about\/#website\"},\"datePublished\":\"2021-03-25T12:04:09+00:00\",\"dateModified\":\"2025-07-02T09:43:30+00:00\",\"breadcrumb\":{\"@id\":\"https:\/\/thaderpharma.com\/about\/aviso-legal\/#breadcrumb\"},\"inLanguage\":\"es\",\"potentialAction\":[{\"@type\":\"ReadAction\",\"target\":[\"https:\/\/thaderpharma.com\/about\/aviso-legal\/\"]}]},{\"@type\":\"BreadcrumbList\",\"@id\":\"https:\/\/thaderpharma.com\/about\/aviso-legal\/#breadcrumb\",\"itemListElement\":[{\"@type\":\"ListItem\",\"position\":1,\"name\":\"Portada\",\"item\":\"https:\/\/thaderpharma.com\/about\/\"},{\"@type\":\"ListItem\",\"position\":2,\"name\":\"Aviso Legal\"}]},{\"@type\":\"WebSite\",\"@id\":\"https:\/\/thaderpharma.com\/about\/#website\",\"url\":\"https:\/\/thaderpharma.com\/about\/\",\"name\":\"Thader Pharma Corporativa\",\"description\":\"Cosm\u00e9tica farmaceutica\",\"publisher\":{\"@id\":\"https:\/\/thaderpharma.com\/about\/#organization\"},\"potentialAction\":[{\"@type\":\"SearchAction\",\"target\":{\"@type\":\"EntryPoint\",\"urlTemplate\":\"https:\/\/thaderpharma.com\/about\/?s={search_term_string}\"},\"query-input\":{\"@type\":\"PropertyValueSpecification\",\"valueRequired\":true,\"valueName\":\"search_term_string\"}}],\"inLanguage\":\"es\"},{\"@type\":\"Organization\",\"@id\":\"https:\/\/thaderpharma.com\/about\/#organization\",\"name\":\"Thader Pharma\",\"url\":\"https:\/\/thaderpharma.com\/about\/\",\"logo\":{\"@type\":\"ImageObject\",\"inLanguage\":\"es\",\"@id\":\"https:\/\/thaderpharma.com\/about\/#\/schema\/logo\/image\/\",\"url\":\"https:\/\/thaderpharma.com\/about\/wp-content\/uploads\/2021\/03\/logo.png\",\"contentUrl\":\"https:\/\/thaderpharma.com\/about\/wp-content\/uploads\/2021\/03\/logo.png\",\"width\":1000,\"height\":398,\"caption\":\"Thader Pharma\"},\"image\":{\"@id\":\"https:\/\/thaderpharma.com\/about\/#\/schema\/logo\/image\/\"}}]}<\/script>\n<!-- \/ Yoast SEO plugin. -->","yoast_head_json":{"title":"Aviso Legal - Thader Pharma Corporativa","robots":{"index":"index","follow":"follow","max-snippet":"max-snippet:-1","max-image-preview":"max-image-preview:large","max-video-preview":"max-video-preview:-1"},"canonical":"https:\/\/thaderpharma.com\/about\/aviso-legal\/","og_locale":"es_ES","og_type":"article","og_title":"Aviso Legal - Thader Pharma Corporativa","og_description":"En el presente Aviso Legal, la persona usuaria podr\u00e1 encontrar toda la informaci\u00f3n relativa a las condiciones legales que definen las relaciones entre las personas usuarias y el responsable de la p\u00e1gina web accesible en la direcci\u00f3n URL https:\/\/thaderpharma.com\/ (en adelante, el Sitio Web), que THADER PHARMA (en adelante, el Titular) pone a disposici\u00f3n de [&hellip;]","og_url":"https:\/\/thaderpharma.com\/about\/aviso-legal\/","og_site_name":"Thader Pharma Corporativa","article_modified_time":"2025-07-02T09:43:30+00:00","twitter_card":"summary_large_image","twitter_misc":{"Tiempo de lectura":"9 minutos"},"schema":{"@context":"https:\/\/schema.org","@graph":[{"@type":"WebPage","@id":"https:\/\/thaderpharma.com\/about\/aviso-legal\/","url":"https:\/\/thaderpharma.com\/about\/aviso-legal\/","name":"Aviso Legal - Thader Pharma Corporativa","isPartOf":{"@id":"https:\/\/thaderpharma.com\/about\/#website"},"datePublished":"2021-03-25T12:04:09+00:00","dateModified":"2025-07-02T09:43:30+00:00","breadcrumb":{"@id":"https:\/\/thaderpharma.com\/about\/aviso-legal\/#breadcrumb"},"inLanguage":"es","potentialAction":[{"@type":"ReadAction","target":["https:\/\/thaderpharma.com\/about\/aviso-legal\/"]}]},{"@type":"BreadcrumbList","@id":"https:\/\/thaderpharma.com\/about\/aviso-legal\/#breadcrumb","itemListElement":[{"@type":"ListItem","position":1,"name":"Portada","item":"https:\/\/thaderpharma.com\/about\/"},{"@type":"ListItem","position":2,"name":"Aviso Legal"}]},{"@type":"WebSite","@id":"https:\/\/thaderpharma.com\/about\/#website","url":"https:\/\/thaderpharma.com\/about\/","name":"Thader Pharma Corporativa","description":"Cosm\u00e9tica farmaceutica","publisher":{"@id":"https:\/\/thaderpharma.com\/about\/#organization"},"potentialAction":[{"@type":"SearchAction","target":{"@type":"EntryPoint","urlTemplate":"https:\/\/thaderpharma.com\/about\/?s={search_term_string}"},"query-input":{"@type":"PropertyValueSpecification","valueRequired":true,"valueName":"search_term_string"}}],"inLanguage":"es"},{"@type":"Organization","@id":"https:\/\/thaderpharma.com\/about\/#organization","name":"Thader Pharma","url":"https:\/\/thaderpharma.com\/about\/","logo":{"@type":"ImageObject","inLanguage":"es","@id":"https:\/\/thaderpharma.com\/about\/#\/schema\/logo\/image\/","url":"https:\/\/thaderpharma.com\/about\/wp-content\/uploads\/2021\/03\/logo.png","contentUrl":"https:\/\/thaderpharma.com\/about\/wp-content\/uploads\/2021\/03\/logo.png","width":1000,"height":398,"caption":"Thader Pharma"},"image":{"@id":"https:\/\/thaderpharma.com\/about\/#\/schema\/logo\/image\/"}}]}},"_links":{"self":[{"href":"https:\/\/thaderpharma.com\/about\/wp-json\/wp\/v2\/pages\/1997","targetHints":{"allow":["GET"]}}],"collection":[{"href":"https:\/\/thaderpharma.com\/about\/wp-json\/wp\/v2\/pages"}],"about":[{"href":"https:\/\/thaderpharma.com\/about\/wp-json\/wp\/v2\/types\/page"}],"author":[{"embeddable":true,"href":"https:\/\/thaderpharma.com\/about\/wp-json\/wp\/v2\/users\/3"}],"replies":[{"embeddable":true,"href":"https:\/\/thaderpharma.com\/about\/wp-json\/wp\/v2\/comments?post=1997"}],"version-history":[{"count":5,"href":"https:\/\/thaderpharma.com\/about\/wp-json\/wp\/v2\/pages\/1997\/revisions"}],"predecessor-version":[{"id":34997,"href":"https:\/\/thaderpharma.com\/about\/wp-json\/wp\/v2\/pages\/1997\/revisions\/34997"}],"wp:attachment":[{"href":"https:\/\/thaderpharma.com\/about\/wp-json\/wp\/v2\/media?parent=1997"}],"curies":[{"name":"wp","href":"https:\/\/api.w.org\/{rel}","templated":true}]}}